{"id":66526,"date":"2021-02-04T11:29:58","date_gmt":"2021-02-04T04:29:58","guid":{"rendered":"http:\/\/vivita.local\/?page_id=18242"},"modified":"2021-02-04T11:29:58","modified_gmt":"2021-02-04T04:29:58","slug":"danh-sach-cua-hang","status":"publish","type":"page","link":"https:\/\/os7.letweb.net\/nhan-hoa\/danh-sach-cua-hang","title":{"rendered":"Danh s\u00e1ch c\u1eeda h\u00e0ng"},"content":{"rendered":"","protected":false},"excerpt":{"rendered":"","protected":false},"author":39,"featured_media":0,"parent":0,"menu_order":0,"comment_status":"closed","ping_status":"closed","template":"page-templates\/ds-cua-hang.php","meta":{"footnotes":""},"class_list":["post-66526","page","type-page","status-publish","hentry"],"acf":[],"yoast_head":"\nDanh s\u00e1ch c\u1eeda h\u00e0ng - Nh\u00e0 Thu\u1ed1c Nh\u00e2n H\u00f2a<\/title>\n<meta name=\"robots\" content=\"noindex, follow, max-snippet:-1, max-image-preview:large, max-video-preview:-1\" \/>\n<meta property=\"og:locale\" content=\"vi_VN\" \/>\n<meta property=\"og:type\" content=\"article\" \/>\n<meta property=\"og:title\" content=\"Danh s\u00e1ch c\u1eeda h\u00e0ng - Nh\u00e0 Thu\u1ed1c Nh\u00e2n H\u00f2a\" \/>\n<meta property=\"og:url\" content=\"https:\/\/os7.letweb.net\/nhan-hoa\/danh-sach-cua-hang\" \/>\n<meta property=\"og:site_name\" content=\"Nh\u00e0 Thu\u1ed1c Nh\u00e2n H\u00f2a\" \/>\n<meta name=\"twitter:card\" content=\"summary_large_image\" \/>\n<script type=\"application\/ld+json\" class=\"yoast-schema-graph\">{\"@context\":\"https:\/\/schema.org\",\"@graph\":[{\"@type\":\"WebPage\",\"@id\":\"https:\/\/os7.letweb.net\/nhan-hoa\/danh-sach-cua-hang\",\"url\":\"https:\/\/os7.letweb.net\/nhan-hoa\/danh-sach-cua-hang\",\"name\":\"Danh s\u00e1ch c\u1eeda h\u00e0ng - Nh\u00e0 Thu\u1ed1c Nh\u00e2n H\u00f2a\",\"isPartOf\":{\"@id\":\"https:\/\/os7.letweb.net\/nhan-hoa\/#website\"},\"datePublished\":\"2021-02-04T04:29:58+00:00\",\"dateModified\":\"2021-02-04T04:29:58+00:00\",\"breadcrumb\":{\"@id\":\"https:\/\/os7.letweb.net\/nhan-hoa\/danh-sach-cua-hang#breadcrumb\"},\"inLanguage\":\"vi\",\"potentialAction\":[{\"@type\":\"ReadAction\",\"target\":[\"https:\/\/os7.letweb.net\/nhan-hoa\/danh-sach-cua-hang\"]}]},{\"@type\":\"BreadcrumbList\",\"@id\":\"https:\/\/os7.letweb.net\/nhan-hoa\/danh-sach-cua-hang#breadcrumb\",\"itemListElement\":[{\"@type\":\"ListItem\",\"position\":1,\"name\":\"Trang ch\u1ee7\",\"item\":\"https:\/\/os7.letweb.net\/nhan-hoa\/\"},{\"@type\":\"ListItem\",\"position\":2,\"name\":\"Danh s\u00e1ch c\u1eeda h\u00e0ng\"}]},{\"@type\":\"WebSite\",\"@id\":\"https:\/\/os7.letweb.net\/nhan-hoa\/#website\",\"url\":\"https:\/\/os7.letweb.net\/nhan-hoa\/\",\"name\":\"Nh\u00e0 Thu\u1ed1c Nh\u00e2n H\u00f2a\",\"description\":\"Trao Gi\u00e1 Tr\u1ecb - V\u1eefng Ni\u1ec1m Tin\",\"potentialAction\":[{\"@type\":\"SearchAction\",\"target\":{\"@type\":\"EntryPoint\",\"urlTemplate\":\"https:\/\/os7.letweb.net\/nhan-hoa\/?s={search_term_string}\"},\"query-input\":\"required name=search_term_string\"}],\"inLanguage\":\"vi\"}]}<\/script>\n<!-- \/ Yoast SEO plugin. -->","yoast_head_json":{"title":"Danh s\u00e1ch c\u1eeda h\u00e0ng - Nh\u00e0 Thu\u1ed1c Nh\u00e2n H\u00f2a","robots":{"index":"noindex","follow":"follow","max-snippet":"max-snippet:-1","max-image-preview":"max-image-preview:large","max-video-preview":"max-video-preview:-1"},"og_locale":"vi_VN","og_type":"article","og_title":"Danh s\u00e1ch c\u1eeda h\u00e0ng - Nh\u00e0 Thu\u1ed1c Nh\u00e2n H\u00f2a","og_url":"https:\/\/os7.letweb.net\/nhan-hoa\/danh-sach-cua-hang","og_site_name":"Nh\u00e0 Thu\u1ed1c Nh\u00e2n H\u00f2a","twitter_card":"summary_large_image","schema":{"@context":"https:\/\/schema.org","@graph":[{"@type":"WebPage","@id":"https:\/\/os7.letweb.net\/nhan-hoa\/danh-sach-cua-hang","url":"https:\/\/os7.letweb.net\/nhan-hoa\/danh-sach-cua-hang","name":"Danh s\u00e1ch c\u1eeda h\u00e0ng - Nh\u00e0 Thu\u1ed1c Nh\u00e2n H\u00f2a","isPartOf":{"@id":"https:\/\/os7.letweb.net\/nhan-hoa\/#website"},"datePublished":"2021-02-04T04:29:58+00:00","dateModified":"2021-02-04T04:29:58+00:00","breadcrumb":{"@id":"https:\/\/os7.letweb.net\/nhan-hoa\/danh-sach-cua-hang#breadcrumb"},"inLanguage":"vi","potentialAction":[{"@type":"ReadAction","target":["https:\/\/os7.letweb.net\/nhan-hoa\/danh-sach-cua-hang"]}]},{"@type":"BreadcrumbList","@id":"https:\/\/os7.letweb.net\/nhan-hoa\/danh-sach-cua-hang#breadcrumb","itemListElement":[{"@type":"ListItem","position":1,"name":"Trang ch\u1ee7","item":"https:\/\/os7.letweb.net\/nhan-hoa\/"},{"@type":"ListItem","position":2,"name":"Danh s\u00e1ch c\u1eeda h\u00e0ng"}]},{"@type":"WebSite","@id":"https:\/\/os7.letweb.net\/nhan-hoa\/#website","url":"https:\/\/os7.letweb.net\/nhan-hoa\/","name":"Nh\u00e0 Thu\u1ed1c Nh\u00e2n H\u00f2a","description":"Trao Gi\u00e1 Tr\u1ecb - V\u1eefng Ni\u1ec1m Tin","potentialAction":[{"@type":"SearchAction","target":{"@type":"EntryPoint","urlTemplate":"https:\/\/os7.letweb.net\/nhan-hoa\/?s={search_term_string}"},"query-input":"required name=search_term_string"}],"inLanguage":"vi"}]}},"_links":{"self":[{"href":"https:\/\/os7.letweb.net\/nhan-hoa\/wp-json\/wp\/v2\/pages\/66526","targetHints":{"allow":["GET"]}}],"collection":[{"href":"https:\/\/os7.letweb.net\/nhan-hoa\/wp-json\/wp\/v2\/pages"}],"about":[{"href":"https:\/\/os7.letweb.net\/nhan-hoa\/wp-json\/wp\/v2\/types\/page"}],"author":[{"embeddable":true,"href":"https:\/\/os7.letweb.net\/nhan-hoa\/wp-json\/wp\/v2\/users\/39"}],"replies":[{"embeddable":true,"href":"https:\/\/os7.letweb.net\/nhan-hoa\/wp-json\/wp\/v2\/comments?post=66526"}],"version-history":[{"count":0,"href":"https:\/\/os7.letweb.net\/nhan-hoa\/wp-json\/wp\/v2\/pages\/66526\/revisions"}],"wp:attachment":[{"href":"https:\/\/os7.letweb.net\/nhan-hoa\/wp-json\/wp\/v2\/media?parent=66526"}],"curies":[{"name":"wp","href":"https:\/\/api.w.org\/{rel}","templated":true}]}}