{"id":632,"date":"2021-05-27T13:57:47","date_gmt":"2021-05-27T06:57:47","guid":{"rendered":"https:\/\/springair.vn\/?post_type=product&#038;p=632"},"modified":"2021-07-19T09:53:21","modified_gmt":"2021-07-19T02:53:21","slug":"backfine-icooling-plus","status":"publish","type":"product","link":"https:\/\/os7.letweb.net\/spring-air\/product\/backfine-icooling-plus\/","title":{"rendered":"BackFine iCooling Plus"},"content":{"rendered":"<h2><span style=\"font-size: 24pt; color: #072266;\"><strong>\u0110\u1eb6C \u0110I\u1ec2M N\u1ed4I B\u1eacT<\/strong><\/span><\/h2>\n<p style=\"text-align: justify;\">\u2022 Khung l\u00f2 xo th\u00e9p bonnell si\u00eau b\u1ec1n, c\u00f3 kh\u1ea3 n\u0103ng ch\u1ecbu l\u1ef1c t\u1ed1t &#8211; gi\u00fap gia t\u0103ng \u0111\u1ed9 tho\u1ea3i m\u00e1i cho c\u01a1 th\u1ec3 v\u00e0 t\u1ed1i \u01b0u n\u00e2ng \u0111\u1ee1 c\u1ed9t s\u1ed1ng. B\u00ean c\u1ea1nh \u0111\u00f3, \u0111\u1ed9 r\u1ed7ng trong t\u1eebng l\u1ecdn l\u00f2 xo c\u00f3 k\u00edch th\u01b0\u1edbc nh\u1ea5t \u0111\u1ecbnh, t\u1ea1o \u0111i\u1ec1u ki\u1ec7n \u0111\u1ec3 d\u00f2ng kh\u00ed n\u00f3ng nhanh ch\u00f3ng \u0111\u01b0\u1ee3c \u0111\u1ea9y ra ngo\u00e0i n\u1ec7m.<\/p>\n<p style=\"text-align: justify;\">\u2022 V\u1ea3i b\u1ecdc n\u1ec7m \u0111\u01b0\u1ee3c may t\u1eeb v\u1ea3i m\u00e1t Cooling Ice, c\u00f3 c\u1ea5u tr\u00fac s\u1ee3i \u0111\u1eb7c bi\u1ec7t m\u1ea3nh v\u00e0 m\u1ecbn m\u00e0ng, gi\u1eef nhi\u1ec7t \u0111\u1ed9 tr\u00ean b\u1ec1 m\u1eb7t v\u1ea3i lu\u00f4n th\u1ea5p h\u01a1n so v\u1edbi nhi\u1ec7t \u0111\u1ed9 m\u00f4i tr\u01b0\u1eddng &#8211; t\u1ea1o c\u1ea3m gi\u00e1c m\u00e1t l\u1ea1nh t\u1ef1 nhi\u00ean, gi\u00fap b\u1ea1n ch\u00ecm v\u00e0o gi\u1ea5c ng\u1ee7 nhanh h\u01a1n.<\/p>\n<p style=\"text-align: justify;\">\u2022 K\u1ebft h\u1ee3p v\u1edbi khung l\u00f2 xo v\u1eefng ch\u1eafc l\u00e0 l\u1edbp foam hi\u1ec7u su\u1ea5t cao, c\u00f3 \u0111\u1eb7c t\u00ednh si\u00eau \u0111\u00e0n h\u1ed3i. \u0110\u00e2y c\u0169ng l\u00e0 d\u00f2ng foam \u0111\u1ea1t ch\u1ee9ng nh\u1eadn CertiPur USA, kh\u00f4ng c\u00f3 m\u00f9i h\u00f3a h\u1ecdc kh\u00f3 ch\u1ecbu, kh\u00f4ng g\u00e2y k\u00edch \u1ee9ng cho l\u00e0n da nh\u1ea1y c\u1ea3m, b\u1ea3o v\u1ec7 s\u1ee9c kh\u1ecfe cho ng\u01b0\u1eddi s\u1eed d\u1ee5ng ngay t\u1eeb trong gi\u1ea5c ng\u1ee7.<\/p>\n<h2><span style=\"color: #072266; font-size: 24pt;\"><strong>C\u00c2\u0301U TA\u0323O CHI TI\u00ca\u0301T<\/strong><\/span><\/h2>\n<p><img loading=\"lazy\" decoding=\"async\" class=\"alignnone size-full wp-image-1634\" src=\"https:\/\/s7.letweb.net\/spring-air\/wp-content\/uploads\/2021\/05\/icooling-plus-1-scaled.jpg\" alt=\"\" width=\"2560\" height=\"1811\" srcset=\"https:\/\/os7.letweb.net\/spring-air\/wp-content\/uploads\/2021\/05\/icooling-plus-1-scaled.jpg 2560w, https:\/\/os7.letweb.net\/spring-air\/wp-content\/uploads\/2021\/05\/icooling-plus-1-300x212.jpg 300w, https:\/\/os7.letweb.net\/spring-air\/wp-content\/uploads\/2021\/05\/icooling-plus-1-1024x724.jpg 1024w, https:\/\/os7.letweb.net\/spring-air\/wp-content\/uploads\/2021\/05\/icooling-plus-1-768x543.jpg 768w, https:\/\/os7.letweb.net\/spring-air\/wp-content\/uploads\/2021\/05\/icooling-plus-1-1536x1086.jpg 1536w, https:\/\/os7.letweb.net\/spring-air\/wp-content\/uploads\/2021\/05\/icooling-plus-1-2048x1448.jpg 2048w, https:\/\/os7.letweb.net\/spring-air\/wp-content\/uploads\/2021\/05\/icooling-plus-1-600x424.jpg 600w\" sizes=\"auto, (max-width: 2560px) 100vw, 2560px\" \/><\/p>\n","protected":false},"excerpt":{"rendered":"<p><strong>N\u1ec7m iCooling Plus<\/strong> l\u00e0 phi\u00ean b\u1ea3n n\u00e2ng c\u1ea5p c\u1ee7a n\u1ec7m iCooling, \u0111\u01b0\u1ee3c b\u1ed5 sung th\u00eam foam v\u00e0 \u0111\u1ed9 cao c\u1ee7a l\u00f2 xo &#8211; nh\u00e2n \u0111\u00f4i c\u1ea3m gi\u00e1c \u00eam m\u1ec1m c\u1ee7a n\u1ec7m. B\u1ec1 m\u1eb7t n\u1ec7m \u0111\u01b0\u1ee3c may ch\u1ea7n quilting kh\u00e9o l\u00e9o v\u00e0 t\u1ec9 m\u1ec9 &#8211; gi\u00fap kh\u00f4ng ch\u1ec9 n\u00e2ng c\u1ea5p v\u1ec1 \u0111\u1ed9 \u00eam \u00e1i m\u00e0 c\u00f2n t\u0103ng t\u00ednh th\u1ea9m m\u1ef9, \u0111em \u0111\u1ebfn kh\u00f4ng gian ng\u1ee7 cao c\u1ea5p cho c\u0103n ph\u00f2ng c\u1ee7a b\u1ea1n.<\/p>\n<p><strong>Ba\u0309o ha\u0300nh 10 n\u0103m.<\/strong><\/p>\n","protected":false},"featured_media":660,"comment_status":"open","ping_status":"closed","template":"","meta":[],"product_cat":[36],"product_tag":[],"class_list":["post-632","product","type-product","status-publish","has-post-thumbnail","hentry","product_cat-back-fine"],"_links":{"self":[{"href":"https:\/\/os7.letweb.net\/spring-air\/wp-json\/wp\/v2\/product\/632","targetHints":{"allow":["GET"]}}],"collection":[{"href":"https:\/\/os7.letweb.net\/spring-air\/wp-json\/wp\/v2\/product"}],"about":[{"href":"https:\/\/os7.letweb.net\/spring-air\/wp-json\/wp\/v2\/types\/product"}],"replies":[{"embeddable":true,"href":"https:\/\/os7.letweb.net\/spring-air\/wp-json\/wp\/v2\/comments?post=632"}],"wp:featuredmedia":[{"embeddable":true,"href":"https:\/\/os7.letweb.net\/spring-air\/wp-json\/wp\/v2\/media\/660"}],"wp:attachment":[{"href":"https:\/\/os7.letweb.net\/spring-air\/wp-json\/wp\/v2\/media?parent=632"}],"wp:term":[{"taxonomy":"product_cat","embeddable":true,"href":"https:\/\/os7.letweb.net\/spring-air\/wp-json\/wp\/v2\/product_cat?post=632"},{"taxonomy":"product_tag","embeddable":true,"href":"https:\/\/os7.letweb.net\/spring-air\/wp-json\/wp\/v2\/product_tag?post=632"}],"curies":[{"name":"wp","href":"https:\/\/api.w.org\/{rel}","templated":true}]}}