{"id":639,"date":"2021-05-27T12:57:48","date_gmt":"2021-05-27T05:57:48","guid":{"rendered":"https:\/\/springair.vn\/?post_type=product&#038;p=639"},"modified":"2021-07-19T09:54:27","modified_gmt":"2021-07-19T02:54:27","slug":"backfine-icooling-ultra","status":"publish","type":"product","link":"https:\/\/os7.letweb.net\/spring-air\/product\/backfine-icooling-ultra\/","title":{"rendered":"BackFine iCooling Ultra"},"content":{"rendered":"<h2><span style=\"font-size: 24pt; color: #072266;\"><strong>\u0110\u1eb6C \u0110I\u1ec2M N\u1ed4I B\u1eacT<\/strong><\/span><\/h2>\n<p style=\"text-align: justify;\">\u2022 Khung l\u00f2 xo li\u00ean t\u1ee5c c\u1ee7a n\u1ec7m iCooling Ultra \u0111\u01b0\u1ee3c \u0111an t\u1eeb d\u00e2y th\u00e9p kh\u00f4ng g\u1ec9 v\u00e0 \u0111\u01b0\u1ee3c nhi\u1ec7t luy\u1ec7n, c\u00f3 kh\u1ea3 n\u0103ng ch\u1ecbu l\u1ef1c r\u1ea5t t\u1ed1t v\u00e0 c\u1ee9ng c\u00e1p, duy tr\u00ec \u0111\u1ed9 c\u0103ng b\u1ec1 m\u1eb7t t\u1ed1i \u0111a gi\u00fap gi\u1ea3m thi\u1ec3u t\u00ecnh tr\u1ea1ng x\u1eb9p l\u00fan, n\u00e2ng \u0111\u1ee1 c\u01a1 th\u1ec3 t\u1eeb \u0111\u1ea7u \u0111\u1ebfn ch\u00e2n m\u1ed9t c\u00e1ch tr\u1ecdn v\u1eb9n.<\/p>\n<p style=\"text-align: justify;\">\u2022 V\u1ea3i b\u1ecdc n\u1ec7m \u0111\u01b0\u1ee3c may t\u1eeb v\u1ea3i m\u00e1t Cooling Ice, c\u00f3 c\u1ea5u tr\u00fac s\u1ee3i \u0111\u1eb7c bi\u1ec7t m\u1ea3nh v\u00e0 m\u1ecbn m\u00e0ng, gi\u1eef nhi\u1ec7t \u0111\u1ed9 tr\u00ean b\u1ec1 m\u1eb7t v\u1ea3i lu\u00f4n th\u1ea5p h\u01a1n so v\u1edbi nhi\u1ec7t \u0111\u1ed9 m\u00f4i tr\u01b0\u1eddng &#8211; t\u1ea1o c\u1ea3m gi\u00e1c m\u00e1t l\u1ea1nh t\u1ef1 nhi\u00ean, gi\u00fap b\u1ea1n ch\u00ecm v\u00e0o gi\u1ea5c ng\u1ee7 nhanh h\u01a1n.<\/p>\n<p style=\"text-align: justify;\">\u2022 K\u1ebft h\u1ee3p v\u1edbi khung l\u00f2 xo v\u1eefng ch\u1eafc l\u00e0 l\u1edbp foam hi\u1ec7u su\u1ea5t cao, c\u00f3 \u0111\u1eb7c t\u00ednh si\u00eau \u0111\u00e0n h\u1ed3i. \u0110\u00e2y c\u0169ng l\u00e0 d\u00f2ng foam \u0111\u1ea1t ch\u1ee9ng nh\u1eadn CertiPur USA, kh\u00f4ng c\u00f3 m\u00f9i h\u00f3a h\u1ecdc kh\u00f3 ch\u1ecbu, kh\u00f4ng g\u00e2y k\u00edch \u1ee9ng cho l\u00e0n da nh\u1ea1y c\u1ea3m, b\u1ea3o v\u1ec7 s\u1ee9c kh\u1ecfe cho ng\u01b0\u1eddi s\u1eed d\u1ee5ng ngay t\u1eeb trong gi\u1ea5c ng\u1ee7.<\/p>\n<h2><span style=\"color: #072266; font-size: 24pt;\"><strong>C\u00c2\u0301U TA\u0323O CHI TI\u00ca\u0301T<\/strong><\/span><\/h2>\n<p><img loading=\"lazy\" decoding=\"async\" class=\"alignnone size-full wp-image-1635\" src=\"https:\/\/s7.letweb.net\/spring-air\/wp-content\/uploads\/2021\/05\/icooling-ultra-scaled.jpg\" alt=\"\" width=\"2560\" height=\"1811\" srcset=\"https:\/\/os7.letweb.net\/spring-air\/wp-content\/uploads\/2021\/05\/icooling-ultra-scaled.jpg 2560w, https:\/\/os7.letweb.net\/spring-air\/wp-content\/uploads\/2021\/05\/icooling-ultra-300x212.jpg 300w, https:\/\/os7.letweb.net\/spring-air\/wp-content\/uploads\/2021\/05\/icooling-ultra-1024x724.jpg 1024w, https:\/\/os7.letweb.net\/spring-air\/wp-content\/uploads\/2021\/05\/icooling-ultra-768x543.jpg 768w, https:\/\/os7.letweb.net\/spring-air\/wp-content\/uploads\/2021\/05\/icooling-ultra-1536x1086.jpg 1536w, https:\/\/os7.letweb.net\/spring-air\/wp-content\/uploads\/2021\/05\/icooling-ultra-2048x1448.jpg 2048w, https:\/\/os7.letweb.net\/spring-air\/wp-content\/uploads\/2021\/05\/icooling-ultra-600x424.jpg 600w\" sizes=\"auto, (max-width: 2560px) 100vw, 2560px\" \/><\/p>\n","protected":false},"excerpt":{"rendered":"<p>S\u1ea3n ph\u1ea9m <strong>n\u1ec7m iCooling Ultra<\/strong> cao c\u1ea5p \u0111\u01b0\u1ee3c trang b\u1ecb h\u1ec7 th\u1ed1ng khung l\u00f2 xo \u0111an li\u00ean t\u1ee5c b\u1eb1ng th\u00e9p nhi\u1ec7t luy\u1ec7n, t\u1ed1i \u0111a \u0111\u1ed9 c\u1ee9ng c\u00e1p, mang \u0111\u1ebfn tr\u1ea3i nghi\u1ec7m gi\u1ea5c ng\u1ee7 \u0111\u01b0\u1ee3c n\u00e2ng \u0111\u1ee1 su\u1ed1t \u0111\u00eam d\u00e0i. C\u00f9ng \u0111\u00f3 l\u00e0 l\u1edbp v\u1ea3i b\u1ecdc n\u1ec7m m\u00e1t l\u1ea1nh Cooling Ice \u0111\u01b0\u1ee3c d\u1ec7t t\u1eeb s\u1ee3i th\u1ef1c v\u1eadt, kh\u00f4ng nh\u1eefng \u0111\u01b0a b\u1ea1n ch\u00ecm s\u00e2u v\u00e0o gi\u1ea5c ng\u1ee7 m\u00e1t m\u1ebb, m\u00e0 c\u00f2n gi\u00fap kh\u00e1ng khu\u1ea9n, b\u1ea3o v\u1ec7 l\u00e0n da.<\/p>\n<p><strong>Ba\u0309o ha\u0300nh 10 n\u0103m.<\/strong><\/p>\n","protected":false},"featured_media":663,"comment_status":"open","ping_status":"closed","template":"","meta":[],"product_cat":[36],"product_tag":[],"class_list":["post-639","product","type-product","status-publish","has-post-thumbnail","hentry","product_cat-back-fine"],"_links":{"self":[{"href":"https:\/\/os7.letweb.net\/spring-air\/wp-json\/wp\/v2\/product\/639","targetHints":{"allow":["GET"]}}],"collection":[{"href":"https:\/\/os7.letweb.net\/spring-air\/wp-json\/wp\/v2\/product"}],"about":[{"href":"https:\/\/os7.letweb.net\/spring-air\/wp-json\/wp\/v2\/types\/product"}],"replies":[{"embeddable":true,"href":"https:\/\/os7.letweb.net\/spring-air\/wp-json\/wp\/v2\/comments?post=639"}],"wp:featuredmedia":[{"embeddable":true,"href":"https:\/\/os7.letweb.net\/spring-air\/wp-json\/wp\/v2\/media\/663"}],"wp:attachment":[{"href":"https:\/\/os7.letweb.net\/spring-air\/wp-json\/wp\/v2\/media?parent=639"}],"wp:term":[{"taxonomy":"product_cat","embeddable":true,"href":"https:\/\/os7.letweb.net\/spring-air\/wp-json\/wp\/v2\/product_cat?post=639"},{"taxonomy":"product_tag","embeddable":true,"href":"https:\/\/os7.letweb.net\/spring-air\/wp-json\/wp\/v2\/product_tag?post=639"}],"curies":[{"name":"wp","href":"https:\/\/api.w.org\/{rel}","templated":true}]}}