{"id":646,"date":"2021-05-27T11:57:49","date_gmt":"2021-05-27T04:57:49","guid":{"rendered":"https:\/\/springair.vn\/?post_type=product&#038;p=646"},"modified":"2021-07-19T09:56:42","modified_gmt":"2021-07-19T02:56:42","slug":"backfine-ibouncy","status":"publish","type":"product","link":"https:\/\/os7.letweb.net\/spring-air\/product\/backfine-ibouncy\/","title":{"rendered":"BackFine iBouncy"},"content":{"rendered":"<h2><span style=\"font-size: 24pt; color: #072266;\"><strong>\u0110\u1eb6C \u0110I\u1ec2M N\u1ed4I B\u1eacT<\/strong><\/span><\/h2>\n<p style=\"text-align: justify;\">\u2022 T\u1eebng con l\u00f2 xo \u0111\u01b0\u1ee3c nhi\u1ec7t luy\u1ec7n v\u1edbi s\u1ef1 ki\u1ec3m so\u00e1t ch\u1ea5t l\u01b0\u1ee3ng kh\u1eaft khe, t\u1eeb \u0111\u00f3 t\u1ea1o n\u00ean m\u1ed9t t\u1ed5 h\u1ee3p k\u1ebft c\u1ea5u c\u1ee9ng c\u00e1p, d\u1ebbo dai v\u00e0 \u0111\u00e0n h\u1ed3i &#8211; mang \u0111\u1ebfn kh\u1ea3 n\u0103ng n\u00e2ng \u0111\u1ee1 tuy\u1ec7t v\u1eddi. H\u01a1n th\u1ebf n\u1eefa, l\u00f2 xo c\u00f2n \u0111\u01b0\u1ee3c b\u1ecdc trong m\u1ed9t l\u1edbp v\u1ea3i kh\u00f4ng d\u1ec7t, gi\u00fap tr\u00e1nh ma s\u00e1t t\u1ed1i \u0111a gi\u1eefa nh\u1eefng con l\u00f2 xo gi\u1ea3m thi\u1ec3u vi\u1ec7c lan truy\u1ec1n \u0111\u1ed9ng, h\u1ea1n ch\u1ebf ti\u1ebfng \u1ed3n, mang \u0111\u1ebfn gi\u1ea5c ng\u1ee7 s\u00e2u \u00eam \u00e1i, \u0111\u1ed3ng th\u1eddi t\u0103ng tu\u1ed5i th\u1ecd c\u1ee7a b\u1ed9 khung l\u00f2 xo n\u1ec7m.<\/p>\n<p style=\"text-align: justify;\">\u2022 V\u1ea3i b\u1ecdc n\u1ec7m \u0111\u01b0\u1ee3c may t\u1eeb v\u1ea3i m\u00e1t Cooling Ice, c\u00f3 c\u1ea5u tr\u00fac s\u1ee3i \u0111\u1eb7c bi\u1ec7t m\u1ea3nh v\u00e0 m\u1ecbn m\u00e0ng, gi\u1eef nhi\u1ec7t \u0111\u1ed9 tr\u00ean b\u1ec1 m\u1eb7t v\u1ea3i lu\u00f4n th\u1ea5p h\u01a1n so v\u1edbi nhi\u1ec7t \u0111\u1ed9 m\u00f4i tr\u01b0\u1eddng &#8211; t\u1ea1o c\u1ea3m gi\u00e1c m\u00e1t l\u1ea1nh t\u1ef1 nhi\u00ean, gi\u00fap b\u1ea1n ch\u00ecm v\u00e0o gi\u1ea5c ng\u1ee7 nhanh h\u01a1n.<\/p>\n<p style=\"text-align: justify;\">\u2022 K\u1ebft h\u1ee3p v\u1edbi khung l\u00f2 xo v\u1eefng ch\u1eafc l\u00e0 l\u1edbp foam hi\u1ec7u su\u1ea5t cao si\u00eau \u0111\u00e0n h\u1ed3i, \u0111\u1ea1t ch\u1ee9ng nh\u1eadn CertiPur USA, c\u00f9ng v\u1edbi thanh ch\u1ed1ng h\u00ecnh b\u01b0\u1edbm Stabilizer Edge Support gi\u00fap gia c\u1ed1 th\u00e0nh n\u1ec7m c\u1ee9ng c\u00e1p, t\u0103ng di\u1ec7n t\u00edch m\u1eb7t n\u1eb1m, n\u00e2ng \u0111\u1ee1 c\u01a1 th\u1ec3 ngay c\u1ea3 khi b\u1ea1n n\u1eb1m s\u00e1t th\u00e0nh n\u1ec7m.<\/p>\n<h2><span style=\"font-size: 24pt; color: #072266;\"><strong>C\u00c2\u0301U TA\u0323O CHI TI\u00ca\u0301T<\/strong><\/span><\/h2>\n<p><img loading=\"lazy\" decoding=\"async\" class=\"alignnone size-full wp-image-1633\" src=\"https:\/\/s7.letweb.net\/spring-air\/wp-content\/uploads\/2021\/05\/ibouncy-tt-scaled.jpg\" alt=\"\" width=\"2560\" height=\"1811\" srcset=\"https:\/\/os7.letweb.net\/spring-air\/wp-content\/uploads\/2021\/05\/ibouncy-tt-scaled.jpg 2560w, https:\/\/os7.letweb.net\/spring-air\/wp-content\/uploads\/2021\/05\/ibouncy-tt-300x212.jpg 300w, https:\/\/os7.letweb.net\/spring-air\/wp-content\/uploads\/2021\/05\/ibouncy-tt-1024x724.jpg 1024w, https:\/\/os7.letweb.net\/spring-air\/wp-content\/uploads\/2021\/05\/ibouncy-tt-768x543.jpg 768w, https:\/\/os7.letweb.net\/spring-air\/wp-content\/uploads\/2021\/05\/ibouncy-tt-1536x1086.jpg 1536w, https:\/\/os7.letweb.net\/spring-air\/wp-content\/uploads\/2021\/05\/ibouncy-tt-2048x1448.jpg 2048w, https:\/\/os7.letweb.net\/spring-air\/wp-content\/uploads\/2021\/05\/ibouncy-tt-600x424.jpg 600w\" sizes=\"auto, (max-width: 2560px) 100vw, 2560px\" \/><\/p>\n","protected":false},"excerpt":{"rendered":"<p>N\u1ed5i b\u1eadt trong c\u00e1c s\u1ea3n ph\u1ea9m d\u00f2ng Backfine, <strong>n\u1ec7m iBouncy<\/strong> c\u00f3 c\u1ea5u t\u1ea1o cao c\u1ea5p h\u01a1n nh\u1edd khung l\u00f2 xo t\u00fai \u0111\u1ed9c l\u1eadp &#8211; gi\u00fap n\u00e2ng \u0111\u1ee1 \u00eam \u00e1i, gi\u1ea3m thi\u1ec3u lan truy\u1ec1n chuy\u1ec3n \u0111\u1ed9ng, \u0111\u1ed3ng th\u1eddi gia t\u0103ng tu\u1ed5i th\u1ecd l\u00f2 xo v\u00e0 gi\u1ea3m ti\u1ebfng \u1ed3n sau th\u1eddi gian d\u00e0i s\u1eed d\u1ee5ng.<\/p>\n<p><strong>Ba\u0309o ha\u0300nh 10 n\u0103m.<\/strong><\/p>\n","protected":false},"featured_media":666,"comment_status":"open","ping_status":"closed","template":"","meta":[],"product_cat":[36],"product_tag":[],"class_list":["post-646","product","type-product","status-publish","has-post-thumbnail","hentry","product_cat-back-fine"],"_links":{"self":[{"href":"https:\/\/os7.letweb.net\/spring-air\/wp-json\/wp\/v2\/product\/646","targetHints":{"allow":["GET"]}}],"collection":[{"href":"https:\/\/os7.letweb.net\/spring-air\/wp-json\/wp\/v2\/product"}],"about":[{"href":"https:\/\/os7.letweb.net\/spring-air\/wp-json\/wp\/v2\/types\/product"}],"replies":[{"embeddable":true,"href":"https:\/\/os7.letweb.net\/spring-air\/wp-json\/wp\/v2\/comments?post=646"}],"wp:featuredmedia":[{"embeddable":true,"href":"https:\/\/os7.letweb.net\/spring-air\/wp-json\/wp\/v2\/media\/666"}],"wp:attachment":[{"href":"https:\/\/os7.letweb.net\/spring-air\/wp-json\/wp\/v2\/media?parent=646"}],"wp:term":[{"taxonomy":"product_cat","embeddable":true,"href":"https:\/\/os7.letweb.net\/spring-air\/wp-json\/wp\/v2\/product_cat?post=646"},{"taxonomy":"product_tag","embeddable":true,"href":"https:\/\/os7.letweb.net\/spring-air\/wp-json\/wp\/v2\/product_tag?post=646"}],"curies":[{"name":"wp","href":"https:\/\/api.w.org\/{rel}","templated":true}]}}